{"id":4350,"date":"2021-06-01T15:55:14","date_gmt":"2021-06-01T13:55:14","guid":{"rendered":"https:\/\/amepa.de\/?page_id=4350"},"modified":"2023-12-12T15:51:36","modified_gmt":"2023-12-12T13:51:36","slug":"sales-partner","status":"publish","type":"page","link":"https:\/\/amepa.de\/en\/sales-partner\/","title":{"rendered":"Sales Partners"},"content":{"rendered":"<div class=\"wpb-content-wrapper\"><p>[vc_row full_width=&#8221;stretch_row&#8221; css=&#8221;.vc_custom_1611920273510{background-image: url(https:\/\/amepa.de\/wp-content\/uploads\/2021\/01\/img_header_Vertriebspartner.jpg?id=3553) !important;background-position: center !important;background-repeat: no-repeat !important;background-size: cover !important;}&#8221; el_class=&#8221;header-subpage&#8221;][vc_column][vc_column_text]Sales Partners[\/vc_column_text][\/vc_column][\/vc_row][vc_row][vc_column width=&#8221;2\/3&#8243;][vc_custom_heading text=&#8221;We are available for you worldwide&#8221; font_container=&#8221;tag:h1|text_align:left&#8221;][vc_column_text]AMEPA is a global player; our subsidiaries, marketing, and sales partners are always reachable for you either locally or regionally, competently, reliably, and in your national language. You can benefit from short response times, and our network is familiar with your technical requirements. We can accompany your projects, support your planning with feasibility studies, and provide you with service throughout the entire project. Technology matters &#8211; with this commitment to our business policy, AMEPA justifies its worldwide presence at trade fairs, conferences, and specialist meetings. New technologies, scientific exchange, and sustainable developments consistently determine our innovation pulse &#8211; today and in the future. Stay tuned &#8211; AMEPA &#8211; on site for you worldwide.[\/vc_column_text][vc_custom_heading text=&#8221;Marketing and sales partners around the world&#8221; font_container=&#8221;tag:h3|text_align:left&#8221;][vc_tta_accordion spacing=&#8221;10&#8243; gap=&#8221;10&#8243; active_section=&#8221;1&#8243; css=&#8221;.vc_custom_1611919888973{margin-bottom: 50px !important;}&#8221;][vc_tta_section title=&#8221;Europe&#8221; tab_id=&#8221;1609824657341-a7bcbbb8-5b6e16119174472951611922400292&#8243;][vc_row_inner][vc_column_inner width=&#8221;1\/2&#8243;][vc_separator][vc_custom_heading text=&#8221;Germany&#8221; font_container=&#8221;tag:h4|text_align:left&#8221; el_class=&#8221;headline-blau&#8221;][vc_column_text]<strong>AMEPA Angewandte Messtechnik und Prozessautomatisierung GmbH<\/strong><\/p>\n<p>Karl-Carstens-Str. 12<br \/>\n52146 W\u00fcrselen<\/p>\n<p>Telephone: <a href=\"tel:+492405408080\">+49 2405 40808-0<\/a><br \/>\nFax: <a href=\"tel:+4924054080844\">+49 2405 40808-44<\/a><\/p>\n<p><a href=\"mailto:info@amepa.de\">info@amepa.de<\/a>[\/vc_column_text][\/vc_column_inner][vc_column_inner width=&#8221;1\/2&#8243;][vc_separator][vc_custom_heading text=&#8221;Great Britain&#8221; font_container=&#8221;tag:h4|text_align:left&#8221; el_class=&#8221;headline-blau&#8221;][vc_column_text]<strong>Refmet Ceramics Limited<\/strong><\/p>\n<p>Thorncliffe Park Industrial Estate<br \/>\nS35 2PH Chapeltown, Sheffield<\/p>\n<p>Telephone: <a href=\"tel:+441142577277\">+44 114 257-7277<\/a><br \/>\nFax: <a href=\"tel:+441142577288\">+44 114 257-7288<\/a><\/p>\n<p><a href=\"mailto:enquiries@refmet.com\">enquiries@refmet.com<\/a>[\/vc_column_text][\/vc_column_inner][\/vc_row_inner][vc_row_inner][vc_column_inner width=&#8221;1\/2&#8243;][vc_separator][vc_custom_heading text=&#8221;Italy&#8221; font_container=&#8221;tag:h4|text_align:left&#8221; el_class=&#8221;headline-blau&#8221;][vc_column_text]<strong>ENGIMET SRL Engineering and Sales Service<\/strong><\/p>\n<p>Via Ippolito Nievo, 25<br \/>\n10153 Torino<\/p>\n<p>Telephone: <a href=\"tel:+3901119715602\">+39 011 197156-02<\/a><br \/>\nFax: <a href=\"tel:+3901119715699\">+39 011 197156-99<\/a><\/p>\n<p><a href=\"mailto:engimet@engimet.it\">engimet@engimet.it<\/a>[\/vc_column_text][\/vc_column_inner][vc_column_inner width=&#8221;1\/2&#8243;][vc_separator][vc_custom_heading text=&#8221;Spain&#8221; font_container=&#8221;tag:h4|text_align:left&#8221; el_class=&#8221;headline-blau&#8221;][vc_column_text]<strong>Impexa S.L.<br \/>\n<\/strong><br \/>\nPol. Ind. De Roces, 5-C\/ Farenheit<br \/>\n33211 Gijon Asturias<\/p>\n<p>Telephone: <a href=\"tel:+34985307015\">+34 985 307015<\/a><br \/>\nFax: <a href=\"tel:+34985168875\">+34 985 168875<\/a><\/p>\n<p><a href=\"mailto:info@impexa.es\">info@impexa.es<\/a>[\/vc_column_text][\/vc_column_inner][\/vc_row_inner][vc_row_inner][vc_column_inner width=&#8221;1\/2&#8243;][vc_separator][vc_custom_heading text=&#8221;Turkey (Steel making)&#8221; font_container=&#8221;tag:h4|text_align:left&#8221; el_class=&#8221;headline-blau&#8221;][vc_column_text]<strong>ALP MUHENDISLIK MUMESSILLIK TIC VE SAN LTD STI<br \/>\n<\/strong><br \/>\nBilmo Kucuk Sanayi Sitesi Aydinli Mah. Yanyol Caddesi<br \/>\nMelodi Sokak No:40<br \/>\nTuzla \u2013 \u0130stanbul<\/p>\n<p>Telephone: <a href=\"tel:+902165934142\">+90 216 5934142<\/a><br \/>\nFax: <a href=\"tel:+902165934144\">+90 216 5934144<\/a><\/p>\n<p><a href=\"mailto:bkunac@alpmuhendislik.net\">bkunac@alpmuhendislik.net<\/a>[\/vc_column_text][\/vc_column_inner][vc_column_inner width=&#8221;1\/2&#8243;][vc_separator][vc_custom_heading text=&#8221;Turkey (Processing lines)&#8221; font_container=&#8221;tag:h4|text_align:left&#8221; el_class=&#8221;headline-blau&#8221;][vc_column_text]<strong>3STEKNIK<br \/>\n<\/strong><br \/>\nYukar\u0131 Dudullu Bostanc\u0131 Yolu Cd. Keyap \u00c7ar\u015f\u0131 E2<br \/>\nBlok No: 85<br \/>\n34775 \u00dcmraniye-\u0130stanbul<\/p>\n<p>Telephone: <a href=\"tel:+902165274784\">+90 216 5274784<\/a><br \/>\nFax: <a href=\"tel:+902165274788\">+90 216 5274788<\/a><\/p>\n<p><a href=\"mailto:info@3steknik.com.tr\">info@3steknik.com.tr<\/a>[\/vc_column_text][\/vc_column_inner][\/vc_row_inner][\/vc_tta_section][vc_tta_section title=&#8221;Africa&#8221; tab_id=&#8221;1611926785673-6930abcb-5a18&#8243;][vc_row_inner][vc_column_inner width=&#8221;1\/2&#8243;][vc_separator][vc_custom_heading text=&#8221;Deutschland&#8221; font_container=&#8221;tag:h4|text_align:left&#8221; el_class=&#8221;headline-blau&#8221;][vc_column_text]<strong>AMEPA Angewandte Messtechnik und Prozessautomatisierung GmbH<\/strong><\/p>\n<p>Karl- Carstens- Str. 12<br \/>\n52146 W\u00fcrselen<br \/>\nGermany<br \/>\nTelephone: <a href=\"tel:+492405408080\">+49 2405 40808-0<\/a><br \/>\nFax: <a href=\"tel:+4924054080844\">+49 2405 40808-44<\/a><\/p>\n<p><a href=\"mailto:info@amepa.de\">info@amepa.de<\/a>[\/vc_column_text][\/vc_column_inner][vc_column_inner width=&#8221;1\/2&#8243;][\/vc_column_inner][\/vc_row_inner][\/vc_tta_section][vc_tta_section title=&#8221;Asia&#8221; tab_id=&#8221;1611917538754-e8db77db-34c01611922400292&#8243;][vc_row_inner][vc_column_inner width=&#8221;1\/2&#8243;][vc_separator][vc_custom_heading text=&#8221;China&#8221; font_container=&#8221;tag:h4|text_align:left&#8221; el_class=&#8221;headline-blau&#8221;][vc_column_text]<strong>AMEPA Trading (Shanghai) Co., Ltd.<\/strong><\/p>\n<p>Room 19B, Building A<br \/>\nYueda International,<br \/>\nChangshou Rd. 1118,<br \/>\nPutuo District<br \/>\n200042 Shanghai<\/p>\n<p>Telephone: <a href=\"tel:+862164478501\">+86 21 64478501<\/a><br \/>\nFax: <a href=\"tel:+862164478502\">+86 21 64478502<\/a><\/p>\n<p><a href=\"mailto:info@amepa.sh.cn\">info@amepa.sh.cn<\/a>[\/vc_column_text][\/vc_column_inner][vc_column_inner width=&#8221;1\/2&#8243;][vc_separator][vc_custom_heading text=&#8221;India&#8221; font_container=&#8221;tag:h4|text_align:left&#8221; el_class=&#8221;headline-blau&#8221;][vc_column_text]<strong>Tristar metallurgical Pvt. Ltd.<\/strong><\/p>\n<p>4 Netaji Subhas Road, 1st Floor,<br \/>\nChartered Bank Building,<br \/>\nKolkata -700001<\/p>\n<p>Mobile: <a href=\"tel:+919831095151\">+91 98310 95151<\/a><br \/>\nTelephone: <a href=\"tel:+913322302643\">+91 33 2230-2643<\/a><br \/>\nFax: <a href=\"tel:913322308449\">+91 33 2230-8449<\/a><\/p>\n<p><a href=\"mailto:hindsale@hotmail.com\">hindsale@hotmail.com<\/a>[\/vc_column_text][\/vc_column_inner][\/vc_row_inner][vc_row_inner][vc_column_inner width=&#8221;1\/2&#8243;][vc_separator][vc_custom_heading text=&#8221;Japan&#8221; font_container=&#8221;tag:h4|text_align:left&#8221; el_class=&#8221;headline-blau&#8221;][vc_column_text]<strong>J-Tec Inc.<br \/>\n<\/strong><br \/>\nGoto BLDG. 5F<br \/>\n2-19-12 Sotokanda<br \/>\nChiyoda-ku, Tokyo, 101-0021<\/p>\n<p>Telephone: <a href=\"tel:+81352566701\">+81 3 5256-6701<\/a><br \/>\nFax: <a href=\"tel:+81352566705\">+81 3 5256-6705<\/a><\/p>\n<p><a href=\"mailto:k.ishimoto@j-tec-inc.co.jp\">k.ishimoto@j-tec-inc.co.jp<\/a>[\/vc_column_text][\/vc_column_inner][vc_column_inner width=&#8221;1\/2&#8243;][vc_separator][vc_custom_heading text=&#8221;Korea&#8221; font_container=&#8221;tag:h4|text_align:left&#8221; el_class=&#8221;headline-blau&#8221;][vc_column_text]<strong>SONG &amp; Company LTD.<br \/>\n<\/strong><br \/>\n177-2 Bangi-Dong, Songpa-Gu<br \/>\n138-830 Seoul<\/p>\n<p>Telephone: <a href=\"tel:+8225632141\">+82 2 563-2141<\/a><br \/>\nFax: <a href=\"tel:+8225632149\">+82 2 563-2149<\/a><\/p>\n<p><a href=\"mailto:songnco@gmail.com\">songnco@gmail.com<\/a>[\/vc_column_text][\/vc_column_inner][\/vc_row_inner][vc_row_inner][vc_column_inner width=&#8221;1\/2&#8243;][vc_separator][vc_custom_heading text=&#8221;Taiwan&#8221; font_container=&#8221;tag:h4|text_align:left&#8221; el_class=&#8221;headline-blau&#8221;][vc_column_text]<strong>PROGRADE International Trading Co., Ltd.<br \/>\n<\/strong><br \/>\n9F-4, No. 172-7 Szu Wie 4th Road<br \/>\nKaoshiung<\/p>\n<p>Telephone: <a href=\"tel:+88673305950\">+886 7 3305950<\/a><br \/>\nFax: <a href=\"tel:+88673305938\">+886 7 3305938<\/a><\/p>\n<p><a href=\"mailto:prograde@ms45.hinet.net\">prograde@ms45.hinet.net<\/a>[\/vc_column_text][\/vc_column_inner][vc_column_inner width=&#8221;1\/2&#8243;][vc_separator][vc_custom_heading text=&#8221;Turkey (Steel making)&#8221; font_container=&#8221;tag:h4|text_align:left&#8221; el_class=&#8221;headline-blau&#8221;][vc_column_text]<strong>ALP MUHENDISLIK MUMESSILLIK TIC VE SAN LTD STI<br \/>\n<\/strong><br \/>\nBilmo Kucuk Sanayi Sitesi Aydinli Mah. Yanyol Caddesi<br \/>\nMelodi Sokak No:40<br \/>\nTuzla \u2013 \u0130stanbul<\/p>\n<p>Telephone: <a href=\"tel:+902165934142\">+90 216 5934142<\/a><br \/>\nFax: <a href=\"tel:+902165934144\">+90 216 5934144<\/a><\/p>\n<p><a href=\"mailto:bkunac@alpmuhendislik.net\">bkunac@alpmuhendislik.net<\/a>[\/vc_column_text][\/vc_column_inner][\/vc_row_inner][vc_row_inner][vc_column_inner width=&#8221;1\/2&#8243;][vc_separator][vc_custom_heading text=&#8221;Turkey (Processing lines)&#8221; font_container=&#8221;tag:h4|text_align:left&#8221; el_class=&#8221;headline-blau&#8221;][vc_column_text]<strong>Potenza M\u00fchendislik<br \/>\n<\/strong><br \/>\nYukar\u0131 Dudullu Bostanc\u0131 Yolu Cd. Keyap \u00c7ar\u015f\u0131 E2<br \/>\nBlok No: 85<br \/>\n34775 \u00dcmraniye-\u0130stanbul<\/p>\n<p>Telephone: <a href=\"tel:+902165274784\">+90 216 5274784<\/a><br \/>\nFax: <a href=\"tel:+902165274788\">+90 216 5274788<\/a><\/p>\n<p><a href=\"mailto:info@potenza.com.tr\">info@potenza.com.tr<\/a>[\/vc_column_text][\/vc_column_inner][vc_column_inner width=&#8221;1\/2&#8243;][\/vc_column_inner][\/vc_row_inner][\/vc_tta_section][vc_tta_section title=&#8221;Australia&#8221; tab_id=&#8221;1611926926367-a1cc9ed4-e47d&#8221;][vc_row_inner][vc_column_inner width=&#8221;1\/2&#8243;][vc_separator][vc_custom_heading text=&#8221;Australia&#8221; font_container=&#8221;tag:h4|text_align:left&#8221; el_class=&#8221;headline-blau&#8221;][vc_column_text]<strong>GARA Trading Pty Ltd.<br \/>\n<\/strong><br \/>\n5 Edgar Street<br \/>\nTowradgi NSW 2518<br \/>\nAustralia<\/p>\n<p>Telephone: <a href=\"tel:+492405408080\">+61 413 802 092<\/a><br \/>\nFax:<\/p>\n<p><a href=\"mailto:gerard.breslin@garatrading.com\">gerard.breslin@garatrading.com<\/a>[\/vc_column_text][\/vc_column_inner][vc_column_inner width=&#8221;1\/2&#8243;][\/vc_column_inner][\/vc_row_inner][\/vc_tta_section][vc_tta_section title=&#8221;America&#8221; tab_id=&#8221;1609824657501-1f258b9b-370c16119174472951611922400292&#8243;][vc_row_inner][vc_column_inner width=&#8221;1\/2&#8243;][vc_separator][vc_custom_heading text=&#8221;Brazil&#8221; font_container=&#8221;tag:h4|text_align:left&#8221; el_class=&#8221;headline-blau&#8221;][vc_column_text]<strong>REP MINERALS COML. EXP. IMP. LTDA.<br \/>\n<\/strong><br \/>\nRua Universal, N\u00b0 479 Sala 04<br \/>\nCEP 09732-110 S\u00e3o Bernardo do Campo,<br \/>\nS\u00e3o Paulo<\/p>\n<p>Telephone: <a href=\"tel:+551143651001\">+55 11 4365-1001<\/a><br \/>\nFax: <a href=\"tel:+551143651057\">+55 11 4365-1057<\/a><\/p>\n<p><a href=\"mailto:repminerals@uol.com.br\">repminerals@uol.com.br<\/a>[\/vc_column_text][\/vc_column_inner][vc_column_inner width=&#8221;1\/2&#8243;][vc_separator][vc_custom_heading text=&#8221;Mexico&#8221; font_container=&#8221;tag:h4|text_align:left&#8221; el_class=&#8221;headline-blau&#8221;][vc_column_text]<strong>AC Kintec, S.A. DE C.V.<\/strong><\/p>\n<p>Av. V\u00eda Ulisse 702<br \/>\n27000 Torr\u00e9on<\/p>\n<p>Telephone: <a href=\"tel:+528717912384\">+52 871 7912384<\/a><\/p>\n<p><a href=\"mailto:ventas@ackintec.com\">ventas@ackintec.com<\/a>[\/vc_column_text][\/vc_column_inner][\/vc_row_inner][vc_row_inner][vc_column_inner width=&#8221;1\/2&#8243;][vc_separator][vc_custom_heading text=&#8221;USA&#8221; font_container=&#8221;tag:h4|text_align:left&#8221; el_class=&#8221;headline-blau&#8221;][vc_column_text]<strong>AMEPA America Inc.<\/strong><\/p>\n<p>31250 Solon Road,Unit 17<br \/>\nSolon, OH 44139<\/p>\n<p>Telephone: <a href=\"tel:+14403370005\">+1 440 337 0005<\/a><br \/>\nFax: <a href=\"tel:+14403181027\">+1 440 318 1027<\/a><\/p>\n<p><a href=\"mailto:info@amepa.com\">info@amepa.com<\/a>[\/vc_column_text][\/vc_column_inner][vc_column_inner width=&#8221;1\/2&#8243;][\/vc_column_inner][\/vc_row_inner][\/vc_tta_section][\/vc_tta_accordion][\/vc_column][vc_column width=&#8221;1\/3&#8243;][vc_custom_heading text=&#8221;More about us&#8221; font_container=&#8221;tag:h4|text_align:left&#8221; css=&#8221;.vc_custom_1611920232852{margin-right: 33% !important;}&#8221; el_class=&#8221;headline-blau&#8221;]<div tabindex=\"0\" class=\"ult-new-ib ult-ib-effect-style1  ult-ib-resp  \" data-min-width=\"768\" data-max-width=\"900\" style=\"\" data-opacity=\"1\" data-hover-opacity=\"1\" ><img decoding=\"async\" class=\"ult-new-ib-img\" style=\"opacity:1;\" alt=\"null\" src=\"https:\/\/amepa.de\/wp-content\/uploads\/2021\/01\/img_teaser_Referenzen.jpg\"   \/><div id=\"interactive-banner-wrap-7701\" class=\"ult-new-ib-desc\" style=\"\"><h2 class=\"ult-new-ib-title ult-responsive\"  data-ultimate-target='#interactive-banner-wrap-7701 .ult-new-ib-title'  data-responsive-json-new='{\"font-size\":\"\",\"line-height\":\"\"}'  style=\"font-weight:normal;\">References<\/h2><div class=\"ult-new-ib-content ult-responsive\"  data-ultimate-target='#interactive-banner-wrap-7701 .ult-new-ib-content'  data-responsive-json-new='{\"font-size\":\"\",\"line-height\":\"\"}'  style=\"font-weight:normal;\"><p>Companies which utilise our products<\/p><\/div><\/div><a class=\"ult-new-ib-link\" href=\"https:\/\/amepa.de\/en\/references\/\" title=\"Referenzen\"  ><\/a><\/div><div tabindex=\"0\" class=\"ult-new-ib ult-ib-effect-style1  ult-ib-resp  \" data-min-width=\"768\" data-max-width=\"900\" style=\"\" data-opacity=\"1\" data-hover-opacity=\"1\" ><img decoding=\"async\" class=\"ult-new-ib-img\" style=\"opacity:1;\" alt=\"null\" src=\"https:\/\/amepa.de\/wp-content\/uploads\/2021\/03\/img_teaser_Service_neu.jpg\"   \/><div id=\"interactive-banner-wrap-2595\" class=\"ult-new-ib-desc\" style=\"\"><h2 class=\"ult-new-ib-title ult-responsive\"  data-ultimate-target='#interactive-banner-wrap-2595 .ult-new-ib-title'  data-responsive-json-new='{\"font-size\":\"\",\"line-height\":\"\"}'  style=\"font-weight:normal;\">Service<\/h2><div class=\"ult-new-ib-content ult-responsive\"  data-ultimate-target='#interactive-banner-wrap-2595 .ult-new-ib-content'  data-responsive-json-new='{\"font-size\":\"\",\"line-height\":\"\"}'  style=\"font-weight:normal;\"><p>Competent and committed<\/p><\/div><\/div><a class=\"ult-new-ib-link\" href=\"https:\/\/amepa.de\/en\/service\/\" title=\"Service\"  ><\/a><\/div>[\/vc_column][\/vc_row]<\/p>\n<\/div>","protected":false},"excerpt":{"rendered":"<p>[vc_row full_width=&#8221;stretch_row&#8221; css=&#8221;.vc_custom_1611920273510{background-image: url(https:\/\/amepa.de\/wp-content\/uploads\/2021\/01\/img_header_Vertriebspartner.jpg?id=3553) !important;background-position: center !important;background-repeat: no-repeat !important;background-size: cover !important;}&#8221; el_class=&#8221;header-subpage&#8221;][vc_column][vc_column_text]Sales Partners[\/vc_column_text][\/vc_column][\/vc_row][vc_row][vc_column width=&#8221;2\/3&#8243;][vc_custom_heading text=&#8221;We are available for you worldwide&#8221; font_container=&#8221;tag:h1|text_align:left&#8221;][vc_column_text]AMEPA is a global player; our subsidiaries, marketing, and sales partners are always reachable for you either locally or regionally, competently, reliably, and in your national language. You can benefit from short response times, and [&hellip;]<\/p>\n","protected":false},"author":1,"featured_media":0,"parent":0,"menu_order":0,"comment_status":"open","ping_status":"open","template":"","meta":{"_acf_changed":false,"footnotes":""},"class_list":["post-4350","page","type-page","status-publish","hentry"],"acf":[],"yoast_head":"<!-- This site is optimized with the Yoast SEO Premium plugin v27.4 (Yoast SEO v27.4) - https:\/\/yoast.com\/product\/yoast-seo-premium-wordpress\/ -->\n<title>AMEPA - Available for you worldwide.<\/title>\n<meta name=\"description\" content=\"Our subsidiaries, marketing and sales partners enable us to always be available for you either locally or regionally, competently, reliably and in your national language.\" \/>\n<meta name=\"robots\" content=\"index, follow, max-snippet:-1, max-image-preview:large, max-video-preview:-1\" \/>\n<link rel=\"canonical\" href=\"https:\/\/amepa.de\/en\/sales-partner\/\" \/>\n<meta property=\"og:locale\" content=\"en_US\" \/>\n<meta property=\"og:type\" content=\"article\" \/>\n<meta property=\"og:title\" content=\"Sales Partners\" \/>\n<meta property=\"og:description\" content=\"Sales PartnersAMEPA is a global player; our subsidiaries, marketing, and sales partners are always reachable for you either locally or regionally,\" \/>\n<meta property=\"og:url\" content=\"https:\/\/amepa.de\/en\/sales-partner\/\" \/>\n<meta property=\"og:site_name\" content=\"Amepa GmbH\" \/>\n<meta property=\"article:modified_time\" content=\"2023-12-12T13:51:36+00:00\" \/>\n<meta property=\"og:image\" content=\"https:\/\/amepa.de\/wp-content\/uploads\/2021\/05\/unternehmen.jpg\" \/>\n<meta name=\"twitter:label1\" content=\"Est. reading time\" \/>\n\t<meta name=\"twitter:data1\" content=\"4 minutes\" \/>\n<script type=\"application\/ld+json\" class=\"yoast-schema-graph\">{\"@context\":\"https:\\\/\\\/schema.org\",\"@graph\":[{\"@type\":\"WebPage\",\"@id\":\"https:\\\/\\\/amepa.de\\\/en\\\/sales-partner\\\/\",\"url\":\"https:\\\/\\\/amepa.de\\\/en\\\/sales-partner\\\/\",\"name\":\"AMEPA - Available for you worldwide.\",\"isPartOf\":{\"@id\":\"https:\\\/\\\/amepa.de\\\/en\\\/#website\"},\"datePublished\":\"2021-06-01T13:55:14+00:00\",\"dateModified\":\"2023-12-12T13:51:36+00:00\",\"description\":\"Our subsidiaries, marketing and sales partners enable us to always be available for you either locally or regionally, competently, reliably and in your national language.\",\"breadcrumb\":{\"@id\":\"https:\\\/\\\/amepa.de\\\/en\\\/sales-partner\\\/#breadcrumb\"},\"inLanguage\":\"en-US\",\"potentialAction\":[{\"@type\":\"ReadAction\",\"target\":[\"https:\\\/\\\/amepa.de\\\/en\\\/sales-partner\\\/\"]}]},{\"@type\":\"BreadcrumbList\",\"@id\":\"https:\\\/\\\/amepa.de\\\/en\\\/sales-partner\\\/#breadcrumb\",\"itemListElement\":[{\"@type\":\"ListItem\",\"position\":1,\"name\":\"navigation_home\",\"item\":\"https:\\\/\\\/amepa.de\\\/en\\\/\"},{\"@type\":\"ListItem\",\"position\":2,\"name\":\"Sales Partners\"}]},{\"@type\":\"WebSite\",\"@id\":\"https:\\\/\\\/amepa.de\\\/en\\\/#website\",\"url\":\"https:\\\/\\\/amepa.de\\\/en\\\/\",\"name\":\"Amepa GmbH\",\"description\":\"Angewandte Messtechnik und Prozessautomatisierung GmbH\",\"potentialAction\":[{\"@type\":\"SearchAction\",\"target\":{\"@type\":\"EntryPoint\",\"urlTemplate\":\"https:\\\/\\\/amepa.de\\\/en\\\/?s={search_term_string}\"},\"query-input\":{\"@type\":\"PropertyValueSpecification\",\"valueRequired\":true,\"valueName\":\"search_term_string\"}}],\"inLanguage\":\"en-US\"}]}<\/script>\n<!-- \/ Yoast SEO Premium plugin. -->","yoast_head_json":{"title":"AMEPA - Available for you worldwide.","description":"Our subsidiaries, marketing and sales partners enable us to always be available for you either locally or regionally, competently, reliably and in your national language.","robots":{"index":"index","follow":"follow","max-snippet":"max-snippet:-1","max-image-preview":"max-image-preview:large","max-video-preview":"max-video-preview:-1"},"canonical":"https:\/\/amepa.de\/en\/sales-partner\/","og_locale":"en_US","og_type":"article","og_title":"Sales Partners","og_description":"Sales PartnersAMEPA is a global player; our subsidiaries, marketing, and sales partners are always reachable for you either locally or regionally,","og_url":"https:\/\/amepa.de\/en\/sales-partner\/","og_site_name":"Amepa GmbH","article_modified_time":"2023-12-12T13:51:36+00:00","og_image":[{"url":"https:\/\/amepa.de\/wp-content\/uploads\/2021\/05\/unternehmen.jpg","type":"","width":"","height":""}],"twitter_misc":{"Est. reading time":"4 minutes"},"schema":{"@context":"https:\/\/schema.org","@graph":[{"@type":"WebPage","@id":"https:\/\/amepa.de\/en\/sales-partner\/","url":"https:\/\/amepa.de\/en\/sales-partner\/","name":"AMEPA - Available for you worldwide.","isPartOf":{"@id":"https:\/\/amepa.de\/en\/#website"},"datePublished":"2021-06-01T13:55:14+00:00","dateModified":"2023-12-12T13:51:36+00:00","description":"Our subsidiaries, marketing and sales partners enable us to always be available for you either locally or regionally, competently, reliably and in your national language.","breadcrumb":{"@id":"https:\/\/amepa.de\/en\/sales-partner\/#breadcrumb"},"inLanguage":"en-US","potentialAction":[{"@type":"ReadAction","target":["https:\/\/amepa.de\/en\/sales-partner\/"]}]},{"@type":"BreadcrumbList","@id":"https:\/\/amepa.de\/en\/sales-partner\/#breadcrumb","itemListElement":[{"@type":"ListItem","position":1,"name":"navigation_home","item":"https:\/\/amepa.de\/en\/"},{"@type":"ListItem","position":2,"name":"Sales Partners"}]},{"@type":"WebSite","@id":"https:\/\/amepa.de\/en\/#website","url":"https:\/\/amepa.de\/en\/","name":"Amepa GmbH","description":"Angewandte Messtechnik und Prozessautomatisierung GmbH","potentialAction":[{"@type":"SearchAction","target":{"@type":"EntryPoint","urlTemplate":"https:\/\/amepa.de\/en\/?s={search_term_string}"},"query-input":{"@type":"PropertyValueSpecification","valueRequired":true,"valueName":"search_term_string"}}],"inLanguage":"en-US"}]}},"_links":{"self":[{"href":"https:\/\/amepa.de\/en\/wp-json\/wp\/v2\/pages\/4350","targetHints":{"allow":["GET"]}}],"collection":[{"href":"https:\/\/amepa.de\/en\/wp-json\/wp\/v2\/pages"}],"about":[{"href":"https:\/\/amepa.de\/en\/wp-json\/wp\/v2\/types\/page"}],"author":[{"embeddable":true,"href":"https:\/\/amepa.de\/en\/wp-json\/wp\/v2\/users\/1"}],"replies":[{"embeddable":true,"href":"https:\/\/amepa.de\/en\/wp-json\/wp\/v2\/comments?post=4350"}],"version-history":[{"count":52,"href":"https:\/\/amepa.de\/en\/wp-json\/wp\/v2\/pages\/4350\/revisions"}],"predecessor-version":[{"id":8612,"href":"https:\/\/amepa.de\/en\/wp-json\/wp\/v2\/pages\/4350\/revisions\/8612"}],"wp:attachment":[{"href":"https:\/\/amepa.de\/en\/wp-json\/wp\/v2\/media?parent=4350"}],"curies":[{"name":"wp","href":"https:\/\/api.w.org\/{rel}","templated":true}]}}